{"id":1302,"date":"2014-12-09T17:10:50","date_gmt":"2014-12-09T17:10:50","guid":{"rendered":"http:\/\/luxpopuli.com\/New\/porftolio\/?lang=es"},"modified":"2016-11-04T18:53:20","modified_gmt":"2016-11-04T18:53:20","slug":"porftolio","status":"publish","type":"page","link":"https:\/\/luxpopuli.com\/New\/porftolio\/?lang=es","title":{"rendered":"Portafolio"},"content":{"rendered":"<p class=\"small\" style=\"text-align: justify;\"><div class=\"pixcode  pixcode--grid  grid  \">\n\n<p class=\"small\" style=\"text-align: justify;\"><div class=\"grid__item lap-six-twelfths\">\n\n<p class=\"small\" style=\"text-align: justify;\">Colaborando de la mano de clientes y dise\u00f1adores para desarrollar soluciones \u00fanicas en cada proyecto, Lux Populi trabaja con un profundo entendimiento de la arquitectura, el contexto, la funci\u00f3n del espacio y el comportamiento humano. Desarrollamos soluciones creativas que cumplan con los m\u00faltiples requerimientos del proyecto, dentro del costo esperado, con entregas a tiempo, siempre considerando las condiciones que el sitio establece.<br \/>\nCada proyecto tiene sus peculiaridades y sabemos reconocerlas: desde la multiplicidad de ubicaciones cuando se dise\u00f1a para una cadena comercial hasta la robustez que una instalaci\u00f3n a mitad de la jungla de la pen\u00ednsula de Yucat\u00e1n requiere, donde la facilidad de mantenimiento es determinante para el \u00e9xito del proyecto.<\/p>\n<p class=\"small\" style=\"text-align: justify;\">\n<\/div>\n\n<p class=\"small\" style=\"text-align: justify;\"><div class=\"grid__item lap-six-twelfths\">\n\n<p class=\"small\" style=\"text-align: justify;\">Nuestra oferta de servicios abarca un amplio rango, desde conceptualizaci\u00f3n y an\u00e1lisis de factibilidad de proyecto hasta ajustes finales y entrega al cliente.\u00a0 A trav\u00e9s del empe\u00f1o y cuidado en nuestro trabajo, Lux Populi ha conformado ya una s\u00f3lida lista de seguidores dentro de las pr\u00e1cticas de arquitecturas logrando establecer relaciones exitosas que se mantienen hoy en d\u00eda.<\/p>\n<p class=\"small\" style=\"text-align: justify;\">\n<\/div>\n\n\n<\/div>\n\n<p>&nbsp;<\/p>\n","protected":false},"excerpt":{"rendered":"<p>&nbsp;<\/p>\n","protected":false},"author":1,"featured_media":0,"parent":0,"menu_order":0,"comment_status":"closed","ping_status":"closed","template":"page-templates\/portfolio-archive.php","meta":{"footnotes":""},"class_list":["post-1302","page","type-page","status-publish","hentry"],"_links":{"self":[{"href":"https:\/\/luxpopuli.com\/New\/wp-json\/wp\/v2\/pages\/1302","targetHints":{"allow":["GET"]}}],"collection":[{"href":"https:\/\/luxpopuli.com\/New\/wp-json\/wp\/v2\/pages"}],"about":[{"href":"https:\/\/luxpopuli.com\/New\/wp-json\/wp\/v2\/types\/page"}],"author":[{"embeddable":true,"href":"https:\/\/luxpopuli.com\/New\/wp-json\/wp\/v2\/users\/1"}],"replies":[{"embeddable":true,"href":"https:\/\/luxpopuli.com\/New\/wp-json\/wp\/v2\/comments?post=1302"}],"version-history":[{"count":3,"href":"https:\/\/luxpopuli.com\/New\/wp-json\/wp\/v2\/pages\/1302\/revisions"}],"predecessor-version":[{"id":1952,"href":"https:\/\/luxpopuli.com\/New\/wp-json\/wp\/v2\/pages\/1302\/revisions\/1952"}],"wp:attachment":[{"href":"https:\/\/luxpopuli.com\/New\/wp-json\/wp\/v2\/media?parent=1302"}],"curies":[{"name":"wp","href":"https:\/\/api.w.org\/{rel}","templated":true}]}}