{"id":1295,"date":"2014-12-10T10:12:29","date_gmt":"2014-12-10T10:12:29","guid":{"rendered":"http:\/\/luxpopuli.com\/New\/home\/?lang=es"},"modified":"2025-01-23T16:34:36","modified_gmt":"2025-01-23T16:34:36","slug":"home","status":"publish","type":"page","link":"https:\/\/luxpopuli.com\/New\/home\/?lang=es","title":{"rendered":"Inicio"},"content":{"rendered":"<p style=\"text-align: justify;\"><strong>Lux Populi<\/strong> es un despacho de dise\u00f1o de iluminaci\u00f3n arquitect\u00f3nica que desarrolla proyectos de manera colaborativa con los m\u00e1s diversos equipos creativos alrededor del mundo. Nuestro trabajo est\u00e1 regido por los principios b\u00e1sicos de dise\u00f1o, lo que nos lleva a generar proyectos con un alto desempe\u00f1o t\u00e9cnico y est\u00e9tico. Despu\u00e9s de a\u00f1os de intenso crecimiento, nos enorgullece formalizar la apertura de nuestra nueva oficina en Inglaterra la cual nos permitir\u00e1 establecer un puente de comunicaci\u00f3n con proyectos en Europa, \u00c1frica, India y Medio Oriente.<\/p>\n","protected":false},"excerpt":{"rendered":"<p>Lux Populi es un despacho de dise\u00f1o de iluminaci\u00f3n arquitect\u00f3nica que desarrolla proyectos de manera colaborativa con los m\u00e1s diversos equipos creativos alrededor del mundo. Nuestro trabajo est\u00e1 regido por los principios b\u00e1sicos de dise\u00f1o, lo que nos lleva a generar proyectos con un alto desempe\u00f1o t\u00e9cnico y est\u00e9tico. Despu\u00e9s de a\u00f1os de intenso crecimiento,..<\/p>\n","protected":false},"author":1,"featured_media":0,"parent":0,"menu_order":0,"comment_status":"closed","ping_status":"closed","template":"page-templates\/projects-list.php","meta":{"footnotes":""},"class_list":["post-1295","page","type-page","status-publish","hentry"],"_links":{"self":[{"href":"https:\/\/luxpopuli.com\/New\/wp-json\/wp\/v2\/pages\/1295","targetHints":{"allow":["GET"]}}],"collection":[{"href":"https:\/\/luxpopuli.com\/New\/wp-json\/wp\/v2\/pages"}],"about":[{"href":"https:\/\/luxpopuli.com\/New\/wp-json\/wp\/v2\/types\/page"}],"author":[{"embeddable":true,"href":"https:\/\/luxpopuli.com\/New\/wp-json\/wp\/v2\/users\/1"}],"replies":[{"embeddable":true,"href":"https:\/\/luxpopuli.com\/New\/wp-json\/wp\/v2\/comments?post=1295"}],"version-history":[{"count":2,"href":"https:\/\/luxpopuli.com\/New\/wp-json\/wp\/v2\/pages\/1295\/revisions"}],"predecessor-version":[{"id":6328,"href":"https:\/\/luxpopuli.com\/New\/wp-json\/wp\/v2\/pages\/1295\/revisions\/6328"}],"wp:attachment":[{"href":"https:\/\/luxpopuli.com\/New\/wp-json\/wp\/v2\/media?parent=1295"}],"curies":[{"name":"wp","href":"https:\/\/api.w.org\/{rel}","templated":true}]}}