{"id":1284,"date":"2016-10-29T02:00:41","date_gmt":"2016-10-29T02:00:41","guid":{"rendered":"http:\/\/luxpopuli.com\/New\/aboutus\/join-us\/?lang=es"},"modified":"2022-08-03T22:38:48","modified_gmt":"2022-08-03T22:38:48","slug":"join-us","status":"publish","type":"page","link":"https:\/\/luxpopuli.com\/New\/aboutus\/join-us\/?lang=es","title":{"rendered":"\u00danete"},"content":{"rendered":"<h4>\u00a1ESTAMOS CONTRATANDO!<\/h4>\n<p style=\"text-align: justify;\">Lux Populi es un estudio de iluminaci\u00f3n independiente ubicado en la Ciudad de M\u00e9xico, desarrollando trabajos a nivel internacional. Nuestro equipo est\u00e1 formado por dise\u00f1adores de iluminaci\u00f3n provenientes de arquitectura, ingenier\u00eda, dise\u00f1o de interiores, dise\u00f1o industrial, e iluminaci\u00f3n, por supuesto. Como una incubadora de talentos, el equipo involucra personas a trav\u00e9s de la experiencia para dar energ\u00eda, enfoque, dedicaci\u00f3n, arte e introspecci\u00f3n en todos y cada uno de los proyectos.<\/p>\n<p style=\"text-align: justify;\">Buscamos reci\u00e9n egresados interesados en luz e iluminaci\u00f3n, dispuestos y deseosos de aprender una disciplina relativamente nueva que combina habilidades t\u00e9cnicas y est\u00e9ticas.<\/p>\n<p style=\"text-align: justify;\">Ofrecemos un puesto de dise\u00f1ador de iluminaci\u00f3n que te permitir\u00e1 desarrollar habilidades tecnol\u00f3gicas, de administraci\u00f3n de tiempo, comunicaci\u00f3n y creatividad. Adem\u00e1s de un salario competitivo, ofrecemos beneficios tales como 20 d\u00edas de vacaciones pagadas, sistema de pensi\u00f3n, seguro m\u00e9dico, y dividendos. Valoramos a nuestro equipo, y por esa raz\u00f3n remuneramos el tiempo en un esquema de pago por horas.<\/p>\n<p style=\"text-align: justify;\">Los candidatos deben tener conocimiento del ingl\u00e9s &#8211; hablado y escrito &#8211; y deben tener habilidades intermedias en Photoshop, AutoCAD y Revit. Conocimientos en software de c\u00e1lculo de iluminaci\u00f3n como Dialux es deseable.<\/p>\n<p style=\"text-align: justify;\">Todas las solicitudes deben incluir una carta de motivos, curr\u00edculum y portafolio, todo en ingl\u00e9s.<\/p>\n<p style=\"text-align: justify;\">\u00a1\u00danete a nuestro equipo!\n<\/p>\n<h4>QUI\u00c9NES SOMOS<\/h4>\n<p style=\"text-align: justify;\">Lux Populi es un despacho de dise\u00f1o de iluminaci\u00f3n arquitect\u00f3nica que desarrolla proyectos de manera colaborativa con los m\u00e1s diversos equipos creativos alrededor del mundo. Nuestro trabajo est\u00e1 regido por los principios b\u00e1sicos de dise\u00f1o, lo que nos lleva a generar proyectos con un alto desempe\u00f1o t\u00e9cnico y est\u00e9tico. Despu\u00e9s de a\u00f1os de intenso crecimiento, nos enorgullece formalizar la apertura de nuestro nuevo equipo en Inglaterra el cual nos permitir\u00e1 establecer un puente de comunicaci\u00f3n con proyectos en Europa, \u00c1frica, India y Medio Oriente.<\/p>\n<p style=\"text-align: justify;\">Nuestra oficina en la Ciudad de M\u00e9xico cuenta ahora con un entusiasta equipo de veintisiete personas, que por m\u00e1s de once a\u00f1os se ha distinguido por hacer de la luz su herramienta diaria de trabajo; aunado a un detallado entendimiento de la arquitectura, el contexto, la funci\u00f3n del espacio y el comportamiento humano nos ha permitido desarrollar proyectos de alta calidad siempre en respuesta a las necesidades individuales de nuestros clientes.<\/p>\n<p style=\"text-align: justify;\">Aunque la teor\u00eda de dise\u00f1o es nuestro eje rector, la realidad del trabajo que desempe\u00f1amos con proyectos localizados internacionalmente nos demanda rigor y precisi\u00f3n en la comunicaci\u00f3n al trabajar a distancia, dedicaci\u00f3n en el proceso de dise\u00f1o y disciplina en la documentaci\u00f3n; aspectos que le permiten al equipo de consultores y contratistas con los que colaboramos llevar a cabo de manera satisfactoria la implementaci\u00f3n del proyecto.<\/p>\n<p style=\"text-align: justify;\">Nuestra exitosa relaci\u00f3n con clientes y colaboradores no es solo el resultado de un compromiso de trabajo constante sino del disfrute total del proceso del proyecto.<\/p>\n<p style=\"text-align: justify;\">Lux Populi est\u00e1 compuesto por un equipo multidisciplinario de dise\u00f1adores de iluminaci\u00f3n con s\u00f3lidas bases en arquitectura, ingenier\u00eda, dise\u00f1o de interiores, dise\u00f1o industrial y ciertamente, iluminaci\u00f3n.\u00a0 \u00a0Como una incubadora de talentos, el equipo le imprime a cada uno de los dise\u00f1os experiencia, energ\u00eda, dedicaci\u00f3n, conocimiento, creatividad y entusiasmo. Cada uno de los miembros del equipo recibe entrenamiento de primera mano, tanto t\u00e9cnico como en el \u00e1rea de dise\u00f1o para que sea puesto en pr\u00e1ctica en un amplio rango de proyectos que abarquen desde la creaci\u00f3n conceptual de la idea rectora hasta la implementaci\u00f3n del dise\u00f1o y ajustes finales.<\/p>\n<h4 style=\"text-align: left;\">qui\u00e9n eres t\u00fa<\/h4>\n<p style=\"text-align: justify;\">T\u00fa, eres esa persona que est\u00e1 en constante b\u00fasqueda de aprendizaje, que gusta de enfrentarse a nuevos desaf\u00edos aunado a un profundo inter\u00e9s por el dise\u00f1o. Como parte del grupo de trabajo en Lux Populi, un d\u00eda te encargar\u00e1s de liderar la actividad y el siguiente d\u00eda ser\u00e1s parte del equipo de producci\u00f3n. Aprender, ense\u00f1ar y compartir son actividades cotidianas dentro de nuestra oficina.<\/p>\n<p style=\"text-align: justify;\">Ser consciente de ti mismo y de tu impacto en los que te rodean son requisitos indispensables para unirte al equipo. Saber trabajar en conjunto es la estrategia b\u00e1sica con la que lograr\u00e1s involucrarte en proyectos que abarcan el dise\u00f1o de hoteles, restaurantes, museos y galer\u00edas, desarrollos urbanos y comerciales hasta proyectos residenciales de escala diversa.<\/p>\n<p>&nbsp;<\/p>\n<p>&nbsp;<\/p>\n<h4>nosotros &#8211; creando una nueva oficina<\/h4>\n<p style=\"text-align: justify;\">Nuestra cultura de constante crecimiento, preparaci\u00f3n y liderazgo definen la calidad de nuestros resultados. Estamos conformando un equipo de trabajo en el Reino Unido con miras en una nueva interpretaci\u00f3n europea de todo aquello que engrandece a nuestra oficina en M\u00e9xico. Nuestro equipo crece a trav\u00e9s de todos los que nos han influenciado, de aquellos que ahora suman su esfuerzo d\u00eda a d\u00eda y de aquellos que vendr\u00e1n.<\/p>\n<p style=\"text-align: justify;\">Estamos preparados en invertir en la gente adecuada que nos permita consolidar un excelente equipo al nivel de nuestra oficina en M\u00e9xico, estaremos iterando nuestros procesos existentes en un constante intercambio con nuestros colegas en Ciudad de M\u00e9xico con especial \u00e9nfasis en crear y formar un grupo de trabajo dentro de nuestra propia cultura.<\/p>\n<p style=\"text-align: justify;\">\u00a0Remuneraciones, condiciones y estilo de vida son negociables.<\/p>\n<h4><\/h4>\n<h4>Contacto<\/h4>\n<p>Para aplicar a la oficina de Reino Unido favor de contactarse con:<\/p>\n<p>Mariel Garc\u00eda<br \/>\nTel\u00e9fono: +44 207 193 3045 (9am a 6pm GMT)<br \/>\nEmail: <a href=\"mailto:lpuk@luxpopuli.com\" target=\"_blank\" rel=\"noopener noreferrer\">lpuk@luxpopuli.com<\/a><\/p>\n<p>Para aplicar a la oficina de Ciudad de M\u00e9xico favor de contactarse con:<\/p>\n<p>Sandra Basilio<br \/>\nTel\u00e9fono: +52 55 5025 9105 (9am a 6pm CST)<br \/>\nEmail: <a href=\"mailto:luxpopuli@luxpopuli.com\" target=\"_blank\" rel=\"noopener noreferrer\">luxpopuli@luxpopuli.com<\/a><\/p>\n<p>Env\u00eda una carta de presentaci\u00f3n con tu curr\u00edculum y portafolio. Todos los documentos deber\u00e1n estar en ingl\u00e9s. Por favor describe tus habilidades y c\u00f3mo lograr\u00edas integrarte a Lux Populi.<\/p>\n","protected":false},"excerpt":{"rendered":"<p>\u00a1ESTAMOS CONTRATANDO! Lux Populi es un estudio de iluminaci\u00f3n independiente ubicado en la Ciudad de M\u00e9xico, desarrollando trabajos a nivel internacional. Nuestro equipo est\u00e1 formado por dise\u00f1adores de iluminaci\u00f3n provenientes de arquitectura, ingenier\u00eda, dise\u00f1o de interiores, dise\u00f1o industrial, e iluminaci\u00f3n, por supuesto. Como una incubadora de talentos, el equipo involucra personas a trav\u00e9s de la..<\/p>\n","protected":false},"author":1,"featured_media":0,"parent":1262,"menu_order":2,"comment_status":"closed","ping_status":"closed","template":"","meta":{"footnotes":""},"class_list":["post-1284","page","type-page","status-publish","hentry"],"_links":{"self":[{"href":"https:\/\/luxpopuli.com\/New\/wp-json\/wp\/v2\/pages\/1284","targetHints":{"allow":["GET"]}}],"collection":[{"href":"https:\/\/luxpopuli.com\/New\/wp-json\/wp\/v2\/pages"}],"about":[{"href":"https:\/\/luxpopuli.com\/New\/wp-json\/wp\/v2\/types\/page"}],"author":[{"embeddable":true,"href":"https:\/\/luxpopuli.com\/New\/wp-json\/wp\/v2\/users\/1"}],"replies":[{"embeddable":true,"href":"https:\/\/luxpopuli.com\/New\/wp-json\/wp\/v2\/comments?post=1284"}],"version-history":[{"count":5,"href":"https:\/\/luxpopuli.com\/New\/wp-json\/wp\/v2\/pages\/1284\/revisions"}],"predecessor-version":[{"id":5518,"href":"https:\/\/luxpopuli.com\/New\/wp-json\/wp\/v2\/pages\/1284\/revisions\/5518"}],"up":[{"embeddable":true,"href":"https:\/\/luxpopuli.com\/New\/wp-json\/wp\/v2\/pages\/1262"}],"wp:attachment":[{"href":"https:\/\/luxpopuli.com\/New\/wp-json\/wp\/v2\/media?parent=1284"}],"curies":[{"name":"wp","href":"https:\/\/api.w.org\/{rel}","templated":true}]}}