{"id":1279,"date":"2014-12-10T10:55:54","date_gmt":"2014-12-10T10:55:54","guid":{"rendered":"http:\/\/luxpopuli.com\/New\/aboutus\/team\/?lang=es"},"modified":"2026-04-13T16:01:36","modified_gmt":"2026-04-13T16:01:36","slug":"team","status":"publish","type":"page","link":"https:\/\/luxpopuli.com\/New\/aboutus\/team\/?lang=es","title":{"rendered":"El Equipo"},"content":{"rendered":"<p style=\"text-align: justify;\">Lux Populi est\u00e1 compuesto por un equipo multidisciplinario de dise\u00f1adores de iluminaci\u00f3n con s\u00f3lidas bases en arquitectura, ingenier\u00eda, dise\u00f1o de interiores, dise\u00f1o industrial y ciertamente, iluminaci\u00f3n. Como una incubadora de talentos, el equipo le imprime a cada uno de los dise\u00f1os <strong>experiencia, energ\u00eda, dedicaci\u00f3n, conocimiento, creatividad y entusiasmo.<\/strong> Cada uno de los miembros del equipo recibe entrenamiento de primera mano, tanto t\u00e9cnico como en el \u00e1rea de dise\u00f1o para que sea puesto en pr\u00e1ctica en un amplio rango de proyectos que abarquen desde la creaci\u00f3n conceptual de la idea rectora hasta la implementaci\u00f3n del dise\u00f1o y ajustes finales.<\/p>\n<div class=\"pixcode  pixcode--grid  grid  \">\n\n<\/div>\n\n<div class=\"grid__item lap-three-twelfths\">\n<img loading=\"lazy\" decoding=\"async\" class=\"alignnone wp-image-1333 size-medium\" src=\"https:\/\/luxpopuli.com\/New\/wp-content\/uploads\/2024\/08\/000_tp_240829.jpg\" width=\"300\" height=\"200\" \/><\/p>\n<h4>Thomas Paterson<\/h4>\n<address>Director &#8211; Fundador M\u00e9xico<\/address>\n\n<\/div>\n\n<div class=\"grid__item lap-three-twelfths\">\n\n<img loading=\"lazy\" decoding=\"async\" class=\"alignnone wp-image-1334 size-medium\" src=\"https:\/\/luxpopuli.com\/New\/wp-content\/uploads\/2024\/08\/000_st_240829.jpg\" width=\"300\" height=\"200\" \/><\/p>\n<h4>Scarlett Taylor<\/h4>\n<address>Dise\u00f1adora de Iluminaci\u00f3n<\/address>\n\n<\/div>\n\n<div class=\"grid__item lap-three-twelfths\">\n<img decoding=\"async\" class=\"alignnone wp-image-1331 size-medium\" src=\"https:\/\/luxpopuli.com\/New\/wp-content\/uploads\/2024\/08\/000_hs_240829.jpg\" \/><\/p>\n<h4>Hugo Solano<\/h4>\n<address>Dise\u00f1ador de Iluminaci\u00f3n<\/address>\n\n<\/div>\n\n<div class=\"grid__item lap-three-twelfths\">\n<img loading=\"lazy\" decoding=\"async\" class=\"alignnone wp-image-4527 size-medium\" src=\"https:\/\/luxpopuli.com\/New\/wp-content\/uploads\/2025\/02\/000_sb_250217-scaled.jpg\" width=\"300\" height=\"199\" \/><\/p>\n<h4>Sandra Basilio<\/h4>\n<address>Administradora<\/address>\n\n<\/div>\n\n<div class=\"pixcode  pixcode--grid  grid  \">\n\n<\/div>\n\n<div class=\"grid__item lap-three-twelfths\">\n<img loading=\"lazy\" decoding=\"async\" class=\"alignnone wp-image-2541 size-medium\" src=\"https:\/\/luxpopuli.com\/New\/wp-content\/uploads\/2024\/08\/000_dt_240829.jpg\" width=\"300\" height=\"200\" \/><\/p>\n<h4>Denise Toral<\/h4>\n<address>Dise\u00f1adora de Iluminaci\u00f3n<\/address>\n\n<\/div>\n\n<div class=\"grid__item lap-three-twelfths\">\n<img loading=\"lazy\" decoding=\"async\" class=\"alignnone wp-image-2237 size-medium\" src=\" https:\/\/luxpopuli.com\/New\/wp-content\/uploads\/2025\/03\/000_ea_250311.jpg\" width=\"300\" height=\"200\" \/><\/p>\n<h4>Esteban anaya<\/h4>\n<address>Dise\u00f1ador de Iluminaci\u00f3n<\/address>\n\n<\/div>\n\n<div class=\"grid__item lap-three-twelfths\">\n<img loading=\"lazy\" decoding=\"async\" class=\"alignnone wp-image-2543 size-medium\" src=\"https:\/\/luxpopuli.com\/New\/wp-content\/uploads\/2025\/02\/000_fm_250217-scaled.jpg\" width=\"300\" height=\"200\" \/><\/p>\n<h4>francisco montes<\/h4>\n<address>Dise\u00f1ador de Iluminaci\u00f3n<\/address>\n\n<\/div>\n\n<div class=\"grid__item lap-three-twelfths\">\n<img loading=\"lazy\" decoding=\"async\" class=\"alignnone size-medium wp-image-2515\" src=\"https:\/\/luxpopuli.com\/New\/wp-content\/uploads\/2024\/08\/000_ig_240829.jpg\" alt=\"Ivan 2\" width=\"300\" height=\"200\" \/><\/p>\n<h4>Iv\u00e1n gonzalez<\/h4>\n<address>Dise\u00f1ador de Iluminaci\u00f3n<\/address>\n\n<\/div>\n\n<div class=\"pixcode  pixcode--grid  grid  \">\n\n<\/div>\n\n<div class=\"grid__item lap-three-twelfths\">\n<img loading=\"lazy\" decoding=\"async\" class=\"alignnone wp-image-4575 size-medium\" src=\"https:\/\/luxpopuli.com\/New\/wp-content\/uploads\/2024\/12\/000_ci_241202.jpg\" alt=\"\" width=\"300\" height=\"200\" \/><\/p>\n<h4>carolina ibarra<\/h4>\n<address>Dise\u00f1adora de Iluminaci\u00f3n<\/address>\n\n<\/div>\n\n<div class=\"grid__item lap-three-twelfths\">\n<img loading=\"lazy\" decoding=\"async\" class=\"alignnone wp-image-4941 size-medium\" src=\"https:\/\/luxpopuli.com\/New\/wp-content\/uploads\/2024\/08\/000_fma_240829.jpg\" alt=\"\" width=\"300\" height=\"200\" \/><\/p>\n<h4>FERNANDA MALAG\u00d3N<\/h4>\n<address>Dise\u00f1adora de Iluminaci\u00f3n<\/address>\n\n<\/div>\n\n<div class=\"grid__item lap-three-twelfths\">\n<img loading=\"lazy\" decoding=\"async\" class=\"alignnone wp-image-4519 size-medium\" src=\"https:\/\/luxpopuli.com\/New\/wp-content\/uploads\/2024\/08\/000_vg_240829.jpg\" alt=\"\" width=\"300\" height=\"200\" \/><\/p>\n<h4>VALERIA GONZ\u00c1LEZ<\/h4>\n<address>Dise\u00f1adora de Iluminaci\u00f3n<\/address>\n\n<\/div>\n\n<div class=\"grid__item lap-three-twelfths\">\n<img loading=\"lazy\" decoding=\"async\" class=\"alignnone wp-image-4519 size-medium\" src=\"https:\/\/luxpopuli.com\/New\/wp-content\/uploads\/2024\/08\/000_lb_240829.jpg\" alt=\"\" width=\"300\" height=\"200\" \/><\/p>\n<h4>LUIS BASTIDA<\/h4>\n<address>Administrador<\/address>\n\n<\/div>\n\n<div class=\"pixcode  pixcode--grid  grid  \">\n\n<\/div>\n\n<div class=\"grid__item lap-three-twelfths\">\n<img loading=\"lazy\" decoding=\"async\" class=\"alignnone wp-image-4519 size-medium\" src=\"https:\/\/luxpopuli.com\/New\/wp-content\/uploads\/2026\/03\/000_as_260302-scaled.jpg\" alt=\"\" width=\"300\" height=\"200\" \/><\/p>\n<h4>ALEX S\u00c1NCHEZ<\/h4>\n<address>Dise\u00f1ador de Iluminaci\u00f3n<\/address>\n\n<\/div>\n\n<div class=\"grid__item lap-three-twelfths\">\n<img loading=\"lazy\" decoding=\"async\" class=\"alignnone wp-image-4519 size-medium\" src=\"https:\/\/luxpopuli.com\/New\/wp-content\/uploads\/2024\/08\/000_dp_240829.jpg\" alt=\"\" width=\"300\" height=\"200\" \/><\/p>\n<h4>DAVID PULLA<\/h4>\n<address>Dise\u00f1ador de Iluminaci\u00f3n<\/address>\n\n<\/div>\n\n<div class=\"grid__item lap-three-twelfths\">\n<img loading=\"lazy\" decoding=\"async\" class=\"alignnone wp-image-4519 size-medium\" src=\"https:\/\/luxpopuli.com\/New\/wp-content\/uploads\/2024\/08\/000_cr_240829.jpg\" alt=\"\" width=\"300\" height=\"200\" \/><\/p>\n<h4>CARLA RODRIGUEZ<\/h4>\n<address>Dise\u00f1adora de Iluminaci\u00f3n<\/address>\n\n<\/div>\n\n<div class=\"grid__item lap-three-twelfths\">\n<img loading=\"lazy\" decoding=\"async\" class=\"alignnone wp-image-4519 size-medium\" src=\"https:\/\/luxpopuli.com\/New\/wp-content\/uploads\/2024\/08\/000_fc_240829.jpg\" alt=\"\" width=\"300\" height=\"200\" \/><\/p>\n<h4>FELITSA CRUZ<\/h4>\n<address>Dise\u00f1adora de Iluminaci\u00f3n<\/address>\n\n<\/div>\n\n<div class=\"pixcode  pixcode--grid  grid  \">\n\n<\/div>\n\n<div class=\"grid__item lap-three-twelfths\">\n<img loading=\"lazy\" decoding=\"async\" class=\"alignnone wp-image-4519 size-medium\" src=\"https:\/\/luxpopuli.com\/New\/wp-content\/uploads\/2024\/08\/000_gd_240829.jpg\" alt=\"\" width=\"300\" height=\"200\" \/><\/p>\n<h4>GRISEL D\u00cdAZ<\/h4>\n<address>Dise\u00f1adora de Iluminaci\u00f3n<\/address>\n\n<\/div>\n\n<div class=\"grid__item lap-three-twelfths\">\n<img loading=\"lazy\" decoding=\"async\" class=\"alignnone wp-image-4519 size-medium\" src=\"https:\/\/luxpopuli.com\/New\/wp-content\/uploads\/2024\/12\/000_dh_241202.jpg\" alt=\"\" width=\"300\" height=\"200\" \/><\/p>\n<h4>DIANA HERN\u00c1NDEZ<\/h4>\n<address>Dise\u00f1adora de Iluminaci\u00f3n<\/address>\n\n<\/div>\n\n<div class=\"grid__item lap-three-twelfths\">\n<img loading=\"lazy\" decoding=\"async\" class=\"alignnone wp-image-4519 size-medium\" src=\"https:\/\/luxpopuli.com\/New\/wp-content\/uploads\/2024\/12\/000_jv_241216.jpg\" alt=\"\" width=\"300\" height=\"200\" \/><\/p>\n<h4>JUAN VALLE<\/h4>\n<address>Dise\u00f1ador de Iluminaci\u00f3n<\/address>\n\n<\/div>\n\n<div class=\"grid__item lap-three-twelfths\">\n<img loading=\"lazy\" decoding=\"async\" class=\"alignnone wp-image-4519 size-medium\" src=\"https:\/\/luxpopuli.com\/New\/wp-content\/uploads\/2025\/09\/000_eb_250922-scaled.jpg\" alt=\"\" width=\"300\" height=\"200\" \/><\/p>\n<h4>ELIS B\u00c1RCENAS<\/h4>\n<address>Dise\u00f1adora de Iluminaci\u00f3n<\/address>\n\n<\/div>\n\n<div class=\"pixcode  pixcode--grid  grid  \">\n\n<\/div>\n\n<div class=\"grid__item lap-three-twelfths\">\n<img loading=\"lazy\" decoding=\"async\" class=\"alignnone wp-image-4519 size-medium\" src=\"https:\/\/luxpopuli.com\/New\/wp-content\/uploads\/2025\/09\/000_xb_250922-scaled.jpg\" alt=\"\" width=\"300\" height=\"200\" \/><\/p>\n<h4>XIADANI BAEZ<\/h4>\n<address>Dise\u00f1adora de Iluminaci\u00f3n<\/address>\n\n<\/div>\n\n<div class=\"grid__item lap-three-twelfths\">\n<img loading=\"lazy\" decoding=\"async\" class=\"alignnone wp-image-4519 size-medium\" src=\"https:\/\/luxpopuli.com\/New\/wp-content\/uploads\/2025\/12\/000_mc_251208-scaled.jpg\" alt=\"\" width=\"300\" height=\"200\" \/><\/p>\n<h4>MOIS\u00c9S CER\u00d3N<\/h4>\n<address>Administrador<\/address>\n\n<\/div>\n\n<div class=\"grid__item lap-three-twelfths\">\n<img loading=\"lazy\" decoding=\"async\" class=\"alignnone wp-image-4519 size-medium\" src=\"https:\/\/luxpopuli.com\/New\/wp-content\/uploads\/2025\/12\/000_sp_251208-scaled.jpg\" alt=\"\" width=\"300\" height=\"200\" \/><\/p>\n<h4>SOF\u00cdA PARRA<\/h4>\n<address>Dise\u00f1adora de Iluminaci\u00f3n<\/address>\n\n<\/div>\n\n<div class=\"grid__item lap-three-twelfths\">\n<img loading=\"lazy\" decoding=\"async\" class=\"alignnone wp-image-4519 size-medium\" src=\"https:\/\/luxpopuli.com\/New\/wp-content\/uploads\/2026\/04\/000_sg_260413.jpg\" alt=\"\" width=\"300\" height=\"200\" \/><\/p>\n<h4>SOF\u00cdA G\u00c1MEZ<\/h4>\n<address>Dise\u00f1adora de Iluminaci\u00f3n<\/address>\n\n<\/div>\n\n<div class=\"pixcode  pixcode--grid  grid  \">\n\n<\/div>\n\n<div class=\"grid__item lap-three-twelfths\">\n<img loading=\"lazy\" decoding=\"async\" class=\"alignnone wp-image-4519 size-medium\" src=\"https:\/\/luxpopuli.com\/New\/wp-content\/uploads\/2026\/04\/000_hp_260327-scaled.jpg\" alt=\"\" width=\"300\" height=\"200\" \/><\/p>\n<h4>HENRY PARSONS<\/h4>\n<address>Dise\u00f1ador de Iluminaci\u00f3n<\/address>\n\n<\/div>\n\n<div class=\"grid__item lap-three-twelfths\">\n<img loading=\"lazy\" decoding=\"async\" class=\"alignnone wp-image-4519 size-medium\" src=\"https:\/\/luxpopuli.com\/New\/wp-content\/uploads\/2026\/04\/000_so_260403.jpg\" alt=\"\" width=\"300\" height=\"200\" \/><\/p>\n<h4>SAMANTHA OCHOA<\/h4>\n<address>Dise\u00f1adora de Iluminaci\u00f3n<\/address>\n\n<\/div>\n\n<div class=\"grid__item lap-three-twelfths\">\n<img loading=\"lazy\" decoding=\"async\" class=\"alignnone wp-image-4519 size-medium\" src=\"https:\/\/luxpopuli.com\/New\/wp-content\/uploads\/2026\/04\/000_lt_260327-scaled.jpg\" alt=\"\" width=\"300\" height=\"200\" \/><\/p>\n<h4>LUCA TRUEN<\/h4>\n<address>Dise\u00f1adora de Iluminaci\u00f3n<\/address>\n\n<\/div>\n\n<div class=\"grid__item lap-three-twelfths\">\n<img loading=\"lazy\" decoding=\"async\" class=\"alignnone wp-image-4520 size-medium\" src=\"https:\/\/luxpopuli.com\/New\/wp-content\/uploads\/2024\/08\/000_jg_240829.jpg\" alt=\"\" width=\"300\" height=\"200\" \/><\/p>\n<h4>JUDITH GARC\u00cdA<\/h4>\n<address>Soporte Administrativo<\/address>\n<\/address>\n\n<\/div>\n\n<div class=\"pixcode  pixcode--grid  grid  \">\n\n<\/div>\n\n<div class=\"grid__item lap-three-twelfths\">\n<img loading=\"lazy\" decoding=\"async\" class=\"alignnone wp-image-4002 size-medium\" src=\"https:\/\/luxpopuli.com\/New\/wp-content\/uploads\/2024\/12\/000_nt_241202.jpg\" alt=\"\" width=\"300\" height=\"200\" \/><\/p>\n<h4>NALA<\/h4>\n<address>Perrita<\/address>\n\n<\/div>\n\n<div class=\"grid__item lap-three-twelfths\">\n<img loading=\"lazy\" decoding=\"async\" class=\"alignnone wp-image-4002 size-medium\" src=\"https:\/\/luxpopuli.com\/New\/wp-content\/uploads\/2024\/08\/000_cp_240829.jpg\" alt=\"\" width=\"300\" height=\"200\" \/><\/p>\n<h4>CHISEL<\/h4>\n<address>Perrito<\/address>\n\n<\/div>\n\n<p>&nbsp;<\/p>\n","protected":false},"excerpt":{"rendered":"<p>Lux Populi est\u00e1 compuesto por un equipo multidisciplinario de dise\u00f1adores de iluminaci\u00f3n con s\u00f3lidas bases en arquitectura, ingenier\u00eda, dise\u00f1o de interiores, dise\u00f1o industrial y ciertamente, iluminaci\u00f3n. Como una incubadora de talentos, el equipo le imprime a cada uno de los dise\u00f1os experiencia, energ\u00eda, dedicaci\u00f3n, conocimiento, creatividad y entusiasmo. Cada uno de los miembros del equipo..<\/p>\n","protected":false},"author":1,"featured_media":0,"parent":1262,"menu_order":1,"comment_status":"closed","ping_status":"closed","template":"","meta":{"footnotes":""},"class_list":["post-1279","page","type-page","status-publish","hentry"],"_links":{"self":[{"href":"https:\/\/luxpopuli.com\/New\/wp-json\/wp\/v2\/pages\/1279","targetHints":{"allow":["GET"]}}],"collection":[{"href":"https:\/\/luxpopuli.com\/New\/wp-json\/wp\/v2\/pages"}],"about":[{"href":"https:\/\/luxpopuli.com\/New\/wp-json\/wp\/v2\/types\/page"}],"author":[{"embeddable":true,"href":"https:\/\/luxpopuli.com\/New\/wp-json\/wp\/v2\/users\/1"}],"replies":[{"embeddable":true,"href":"https:\/\/luxpopuli.com\/New\/wp-json\/wp\/v2\/comments?post=1279"}],"version-history":[{"count":5,"href":"https:\/\/luxpopuli.com\/New\/wp-json\/wp\/v2\/pages\/1279\/revisions"}],"predecessor-version":[{"id":6658,"href":"https:\/\/luxpopuli.com\/New\/wp-json\/wp\/v2\/pages\/1279\/revisions\/6658"}],"up":[{"embeddable":true,"href":"https:\/\/luxpopuli.com\/New\/wp-json\/wp\/v2\/pages\/1262"}],"wp:attachment":[{"href":"https:\/\/luxpopuli.com\/New\/wp-json\/wp\/v2\/media?parent=1279"}],"curies":[{"name":"wp","href":"https:\/\/api.w.org\/{rel}","templated":true}]}}