{"id":1269,"date":"2014-12-10T11:02:34","date_gmt":"2014-12-10T11:02:34","guid":{"rendered":"http:\/\/luxpopuli.com\/New\/aboutus\/culture\/?lang=es"},"modified":"2020-01-06T18:56:35","modified_gmt":"2020-01-06T18:56:35","slug":"culture","status":"publish","type":"page","link":"https:\/\/luxpopuli.com\/New\/aboutus\/culture\/?lang=es","title":{"rendered":"Qui\u00e9nes Somos"},"content":{"rendered":"<p style=\"text-align: justify;\">Aunque la teor\u00eda de dise\u00f1o es nuestro eje rector, la realidad del trabajo que desempe\u00f1amos con proyectos localizados internacionalmente nos demanda rigor y precisi\u00f3n en la comunicaci\u00f3n al trabajar a distancia, dedicaci\u00f3n en el proceso de dise\u00f1o y disciplina en la documentaci\u00f3n; aspectos que le permiten al equipo de consultores y contratistas con los que colaboramos llevar a cabo de manera satisfactoria la implementaci\u00f3n del proyecto.<\/p>\n<p style=\"text-align: justify;\">Nuestra exitosa relaci\u00f3n con clientes y colaboradores no es solo el resultado de un compromiso de trabajo constante sino del disfrute total del proceso del proyecto.<\/p>\n<p>&nbsp;<\/p>\n","protected":false},"excerpt":{"rendered":"<p>Aunque la teor\u00eda de dise\u00f1o es nuestro eje rector, la realidad del trabajo que desempe\u00f1amos con proyectos localizados internacionalmente nos demanda rigor y precisi\u00f3n en la comunicaci\u00f3n al trabajar a distancia, dedicaci\u00f3n en el proceso de dise\u00f1o y disciplina en la documentaci\u00f3n; aspectos que le permiten al equipo de consultores y contratistas con los que..<\/p>\n","protected":false},"author":1,"featured_media":0,"parent":1262,"menu_order":0,"comment_status":"closed","ping_status":"closed","template":"","meta":{"footnotes":""},"class_list":["post-1269","page","type-page","status-publish","hentry"],"_links":{"self":[{"href":"https:\/\/luxpopuli.com\/New\/wp-json\/wp\/v2\/pages\/1269","targetHints":{"allow":["GET"]}}],"collection":[{"href":"https:\/\/luxpopuli.com\/New\/wp-json\/wp\/v2\/pages"}],"about":[{"href":"https:\/\/luxpopuli.com\/New\/wp-json\/wp\/v2\/types\/page"}],"author":[{"embeddable":true,"href":"https:\/\/luxpopuli.com\/New\/wp-json\/wp\/v2\/users\/1"}],"replies":[{"embeddable":true,"href":"https:\/\/luxpopuli.com\/New\/wp-json\/wp\/v2\/comments?post=1269"}],"version-history":[{"count":6,"href":"https:\/\/luxpopuli.com\/New\/wp-json\/wp\/v2\/pages\/1269\/revisions"}],"predecessor-version":[{"id":4585,"href":"https:\/\/luxpopuli.com\/New\/wp-json\/wp\/v2\/pages\/1269\/revisions\/4585"}],"up":[{"embeddable":true,"href":"https:\/\/luxpopuli.com\/New\/wp-json\/wp\/v2\/pages\/1262"}],"wp:attachment":[{"href":"https:\/\/luxpopuli.com\/New\/wp-json\/wp\/v2\/media?parent=1269"}],"curies":[{"name":"wp","href":"https:\/\/api.w.org\/{rel}","templated":true}]}}